{"id":118,"date":"2021-09-22T17:46:10","date_gmt":"2021-09-22T17:46:10","guid":{"rendered":"http:\/\/www.gutes-restaurant.at\/kopfundkoerper01\/?page_id=118"},"modified":"2024-07-18T10:47:28","modified_gmt":"2024-07-18T10:47:28","slug":"shiatsu-bei-isabella","status":"publish","type":"page","link":"https:\/\/www.kopfundkoerper.at\/index.php\/shiatsu-bei-isabella\/","title":{"rendered":"Shiatsu"},"content":{"rendered":"\t\t<div data-elementor-type=\"wp-page\" data-elementor-id=\"118\" class=\"elementor elementor-118\">\n\t\t\t\t\t\t<section class=\"elementor-section elementor-top-section elementor-element elementor-element-6a12bb3e elementor-section-boxed elementor-section-height-default elementor-section-height-default\" data-id=\"6a12bb3e\" data-element_type=\"section\">\n\t\t\t\t\t\t<div class=\"elementor-container elementor-column-gap-default\">\n\t\t\t\t\t<div class=\"elementor-column elementor-col-100 elementor-top-column elementor-element elementor-element-16dcbe62\" data-id=\"16dcbe62\" data-element_type=\"column\">\n\t\t\t<div class=\"elementor-widget-wrap elementor-element-populated\">\n\t\t\t\t\t\t<div class=\"elementor-element elementor-element-65fdb6b0 elementor-widget elementor-widget-text-editor\" data-id=\"65fdb6b0\" data-element_type=\"widget\" data-widget_type=\"text-editor.default\">\n\t\t\t\t<div class=\"elementor-widget-container\">\n\t\t\t\t\t\t\t\t\t<p><\/p>\n<figure class=\"wp-block-image size-large\"><img fetchpriority=\"high\" decoding=\"async\" width=\"1024\" height=\"324\" src=\"https:\/\/www.kopfundkoerper.at\/wp-content\/uploads\/2021\/09\/Shiatsu-1024x324.jpg\" alt=\"\" class=\"wp-image-119\" srcset=\"https:\/\/www.kopfundkoerper.at\/wp-content\/uploads\/2021\/09\/Shiatsu-1024x324.jpg 1024w, https:\/\/www.kopfundkoerper.at\/wp-content\/uploads\/2021\/09\/Shiatsu-300x95.jpg 300w, https:\/\/www.kopfundkoerper.at\/wp-content\/uploads\/2021\/09\/Shiatsu-768x243.jpg 768w, https:\/\/www.kopfundkoerper.at\/wp-content\/uploads\/2021\/09\/Shiatsu-1536x485.jpg 1536w, https:\/\/www.kopfundkoerper.at\/wp-content\/uploads\/2021\/09\/Shiatsu-2048x647.jpg 2048w\" sizes=\"(max-width: 1024px) 100vw, 1024px\" \/><\/figure>\n<p><\/p>\n<p><\/p>\n<h2 class=\"has-text-align-center wp-block-heading\"><strong>\u201eDie wahre Lebenskunst besteht darin,<br>im Allt\u00e4glichen das Wunderbare zu sehen.\u201c<\/strong><\/h2>\n<p><\/p>\n<p><\/p>\n<h2 class=\"wp-block-heading\">Hara Shiatsu<\/h2>\n<p><\/p>\n<p><\/p>\n<p>nach Tomas Nelissen<\/p>\n<p><\/p>\n<p><\/p>\n<p><strong>Hara<\/strong>&nbsp;bedeutet die tragende Mitte des Menschen, in der er selbst und alle Aktivit\u00e4t wurzelt. Dort &nbsp;befinden sich alle wichtigen Organe und K\u00f6rperfunktionen.<\/p>\n<p><\/p>\n<p><\/p>\n<p><strong>Shiatsu<\/strong>&nbsp;kommt aus Japan und bedeutet w\u00f6rtlich \u00fcbersetzt \u201eFingerdruck\u201c. Das Wissen von Shiatsu basiert auf der Traditionellen Chinesischen Medizin (TCM).<\/p>\n<p><\/p>\n<p><\/p>\n<p>Shiatsu wird mittels sanften Drucks \u00fcber Finger, H\u00e4nde, Ellbogen oder Knie ausge\u00fcbt. Durch Meridiandehnungen und Rotationen kommt es zu einer wohltuenden und tiefen Wirkung, die die Selbstheilungskr\u00e4fte des Klienten aktiviert.&nbsp; Diese Art von Behandlung wirkt sich positiv auf das Gleichgewicht zwischen k\u00f6rperlicher, geistiger und seelischer Ebene aus.<\/p>\n<p><\/p>\n<p><\/p>\n<p>Shiatsu ist eine wertvolle Erg\u00e4nzung zu herk\u00f6mmlichen Behandlungsmethoden der klassischen Schulmedizin \u2013 ersetzt jedoch keinen Arztbesuch.<\/p>\n<p><\/p>\n<p><\/p>\n<p><em>Shiatsu wirkt vorbeugend und dient zur Erhaltung der Gesundheit!<\/em><\/p>\n<p><\/p>\n<p><\/p>\n<ul class=\"wp-block-list\">\n<li>Die Behandlung findet meist am Boden auf einer bequemen Matte statt, eventuell auch auf einer Liege oder auf dem Shiatsusessel.<\/li>\n<li>Der Klient bleibt bekleidet (T-Shirt, lange Trainingshose, frische Socken).<\/li>\n<li>Die erste Behandlung dauert ca. 90 Minuten, da ein genauer energetischer Status erhoben wird.<\/li>\n<li>Im Durchschnitt sind 10 Behandlungen in regelm\u00e4\u00dfigen Abst\u00e4nden \u2013 je nach Problematik \u2013 empfehlenswert.<\/li>\n<li>Gerne erstelle ich Ihnen eine Body-Mind Analyse mit wertvollen umsetzbaren Ern\u00e4hrungstipps und K\u00f6rper\u00fcbungen. (Siehe Yoga Individuell)<\/li>\n<\/ul>\n<p><\/p>\n<p><\/p>\n<p><strong>K\u00f6nnen Sie eins der nachfolgenden Themen bei sich erkennen ? \u2026.<\/strong><\/p>\n<p><\/p>\n<p><\/p>\n<ul class=\"wp-block-list\">\n<li>&nbsp;M\u00fcdigkeit (vor allem am Morgen) und Ersch\u00f6pfungszust\u00e4nden untertags<\/li>\n<li>Stresssymptome wie z.B. Burn Out, Verspannungen, Migr\u00e4ne, Panikattacken<\/li>\n<li>Depression, Traurigkeit, Lustlosigkeit, Angstthemen<\/li>\n<li>Essst\u00f6rungen (Anorexie, Bulimie, Frustessen, Appetitlosigkeit,\u2026)<\/li>\n<li>Schlafst\u00f6rungen (Ein- u. Durchschlafprobleme, h\u00e4ufiges urinieren w\u00e4hrend der Nacht)<\/li>\n<li>Chronische Beschwerden (Migr\u00e4ne, Verdauungsprobleme, R\u00fcckenschmerzen, Blasenentz\u00fcndungen etc.)<\/li>\n<li>Gyn\u00e4kologischen Beschwerden wie z.B. Menstruationsprobleme (PMS, unregelm\u00e4\u00dfiger Zyklus), Endometriose, Zysten\/ Myome, unerf\u00fcllter Kinderwunsch, Klimakterium<\/li>\n<li>Sexuelle St\u00f6rungen (Erektionsprobleme, mangelnde Libido)<\/li>\n<li>Beschwerden des Bewegungsapparates (H\u00fcft u. Schulterprobleme, frozen sholder, Tennisarm, Knie u. Gelenksprobleme,\u2026)<\/li>\n<li>Bei \u00e4lteren Personen: Inkontinenz, Einsamkeit, Ber\u00fchrungsmangel<\/li>\n<li>Bei Kindern: Konzentrationsschwierigkeiten, ADHS, Bettn\u00e4ssen, Essst\u00f6rungen<\/li>\n<\/ul>\n<p><\/p>\n<p><\/p>\n<p>&nbsp;<strong>\u2026.dann ist es h\u00f6chste Zeit, aber nie zu sp\u00e4t!!!<\/strong><\/p>\n<p><\/p>\t\t\t\t\t\t\t\t<\/div>\n\t\t\t\t<\/div>\n\t\t\t\t\t<\/div>\n\t\t<\/div>\n\t\t\t\t\t<\/div>\n\t\t<\/section>\n\t\t\t\t<\/div>\n\t\t","protected":false},"excerpt":{"rendered":"<p>\u201eDie wahre Lebenskunst besteht darin,im Allt\u00e4glichen das Wunderbare zu sehen.\u201c Hara Shiatsu nach Tomas Nelissen Hara&nbsp;bedeutet die tragende Mitte des Menschen, in der er selbst und alle Aktivit\u00e4t wurzelt. Dort &nbsp;befinden sich alle wichtigen Organe und K\u00f6rperfunktionen. Shiatsu&nbsp;kommt aus Japan und bedeutet w\u00f6rtlich \u00fcbersetzt \u201eFingerdruck\u201c. Das Wissen von Shiatsu basiert auf der Traditionellen Chinesischen Medizin [&hellip;]<\/p>\n","protected":false},"author":1,"featured_media":0,"parent":0,"menu_order":0,"comment_status":"closed","ping_status":"closed","template":"","meta":{"footnotes":""},"class_list":["post-118","page","type-page","status-publish","hentry"],"yoast_head":"<!-- This site is optimized with the Yoast SEO plugin v26.3 - https:\/\/yoast.com\/wordpress\/plugins\/seo\/ -->\n<title>Shiatsu - Kopf und K&ouml;rper<\/title>\n<meta name=\"description\" content=\"Shiatsu bei Isabella Trimmel. In 7412 Wolfau oder in 1030 Wien.\" \/>\n<meta name=\"robots\" content=\"index, follow, max-snippet:-1, max-image-preview:large, max-video-preview:-1\" \/>\n<link rel=\"canonical\" href=\"https:\/\/www.kopfundkoerper.at\/index.php\/shiatsu-bei-isabella\/\" \/>\n<meta property=\"og:locale\" content=\"de_DE\" \/>\n<meta property=\"og:type\" content=\"article\" \/>\n<meta property=\"og:title\" content=\"Shiatsu - Kopf und K&ouml;rper\" \/>\n<meta property=\"og:description\" content=\"Shiatsu bei Isabella Trimmel. In 7412 Wolfau oder in 1030 Wien.\" \/>\n<meta property=\"og:url\" content=\"https:\/\/www.kopfundkoerper.at\/index.php\/shiatsu-bei-isabella\/\" \/>\n<meta property=\"og:site_name\" content=\"Kopf und K&ouml;rper\" \/>\n<meta property=\"article:modified_time\" content=\"2024-07-18T10:47:28+00:00\" \/>\n<meta property=\"og:image\" content=\"https:\/\/www.kopfundkoerper.at\/wp-content\/uploads\/2021\/09\/Shiatsu-1024x324.jpg\" \/>\n<meta name=\"twitter:card\" content=\"summary_large_image\" \/>\n<meta name=\"twitter:label1\" content=\"Gesch\u00e4tzte Lesezeit\" \/>\n\t<meta name=\"twitter:data1\" content=\"2\u00a0Minuten\" \/>\n<script type=\"application\/ld+json\" class=\"yoast-schema-graph\">{\"@context\":\"https:\/\/schema.org\",\"@graph\":[{\"@type\":\"WebPage\",\"@id\":\"https:\/\/www.kopfundkoerper.at\/index.php\/shiatsu-bei-isabella\/\",\"url\":\"https:\/\/www.kopfundkoerper.at\/index.php\/shiatsu-bei-isabella\/\",\"name\":\"Shiatsu - Kopf und K&ouml;rper\",\"isPartOf\":{\"@id\":\"https:\/\/www.kopfundkoerper.at\/#website\"},\"primaryImageOfPage\":{\"@id\":\"https:\/\/www.kopfundkoerper.at\/index.php\/shiatsu-bei-isabella\/#primaryimage\"},\"image\":{\"@id\":\"https:\/\/www.kopfundkoerper.at\/index.php\/shiatsu-bei-isabella\/#primaryimage\"},\"thumbnailUrl\":\"https:\/\/www.kopfundkoerper.at\/wp-content\/uploads\/2021\/09\/Shiatsu-1024x324.jpg\",\"datePublished\":\"2021-09-22T17:46:10+00:00\",\"dateModified\":\"2024-07-18T10:47:28+00:00\",\"description\":\"Shiatsu bei Isabella Trimmel. In 7412 Wolfau oder in 1030 Wien.\",\"breadcrumb\":{\"@id\":\"https:\/\/www.kopfundkoerper.at\/index.php\/shiatsu-bei-isabella\/#breadcrumb\"},\"inLanguage\":\"de\",\"potentialAction\":[{\"@type\":\"ReadAction\",\"target\":[\"https:\/\/www.kopfundkoerper.at\/index.php\/shiatsu-bei-isabella\/\"]}]},{\"@type\":\"ImageObject\",\"inLanguage\":\"de\",\"@id\":\"https:\/\/www.kopfundkoerper.at\/index.php\/shiatsu-bei-isabella\/#primaryimage\",\"url\":\"https:\/\/www.kopfundkoerper.at\/wp-content\/uploads\/2021\/09\/Shiatsu.jpg\",\"contentUrl\":\"https:\/\/www.kopfundkoerper.at\/wp-content\/uploads\/2021\/09\/Shiatsu.jpg\",\"width\":2456,\"height\":776},{\"@type\":\"BreadcrumbList\",\"@id\":\"https:\/\/www.kopfundkoerper.at\/index.php\/shiatsu-bei-isabella\/#breadcrumb\",\"itemListElement\":[{\"@type\":\"ListItem\",\"position\":1,\"name\":\"Startseite\",\"item\":\"https:\/\/www.kopfundkoerper.at\/\"},{\"@type\":\"ListItem\",\"position\":2,\"name\":\"Shiatsu\"}]},{\"@type\":\"WebSite\",\"@id\":\"https:\/\/www.kopfundkoerper.at\/#website\",\"url\":\"https:\/\/www.kopfundkoerper.at\/\",\"name\":\"Kopf und K&ouml;rper\",\"description\":\"Shiatsu, Yoga, Lomi Lomi Nui und mehr....\",\"publisher\":{\"@id\":\"https:\/\/www.kopfundkoerper.at\/#organization\"},\"potentialAction\":[{\"@type\":\"SearchAction\",\"target\":{\"@type\":\"EntryPoint\",\"urlTemplate\":\"https:\/\/www.kopfundkoerper.at\/?s={search_term_string}\"},\"query-input\":{\"@type\":\"PropertyValueSpecification\",\"valueRequired\":true,\"valueName\":\"search_term_string\"}}],\"inLanguage\":\"de\"},{\"@type\":\"Organization\",\"@id\":\"https:\/\/www.kopfundkoerper.at\/#organization\",\"name\":\"Kopf und K&ouml;rper\",\"url\":\"https:\/\/www.kopfundkoerper.at\/\",\"logo\":{\"@type\":\"ImageObject\",\"inLanguage\":\"de\",\"@id\":\"https:\/\/www.kopfundkoerper.at\/#\/schema\/logo\/image\/\",\"url\":\"https:\/\/www.kopfundkoerper.at\/wp-content\/uploads\/2023\/07\/cropped-cropped-Logo-512_ziegler-1.png\",\"contentUrl\":\"https:\/\/www.kopfundkoerper.at\/wp-content\/uploads\/2023\/07\/cropped-cropped-Logo-512_ziegler-1.png\",\"width\":501,\"height\":274,\"caption\":\"Kopf und K&ouml;rper\"},\"image\":{\"@id\":\"https:\/\/www.kopfundkoerper.at\/#\/schema\/logo\/image\/\"}}]}<\/script>\n<!-- \/ Yoast SEO plugin. -->","yoast_head_json":{"title":"Shiatsu - Kopf und K&ouml;rper","description":"Shiatsu bei Isabella Trimmel. In 7412 Wolfau oder in 1030 Wien.","robots":{"index":"index","follow":"follow","max-snippet":"max-snippet:-1","max-image-preview":"max-image-preview:large","max-video-preview":"max-video-preview:-1"},"canonical":"https:\/\/www.kopfundkoerper.at\/index.php\/shiatsu-bei-isabella\/","og_locale":"de_DE","og_type":"article","og_title":"Shiatsu - Kopf und K&ouml;rper","og_description":"Shiatsu bei Isabella Trimmel. In 7412 Wolfau oder in 1030 Wien.","og_url":"https:\/\/www.kopfundkoerper.at\/index.php\/shiatsu-bei-isabella\/","og_site_name":"Kopf und K&ouml;rper","article_modified_time":"2024-07-18T10:47:28+00:00","og_image":[{"url":"https:\/\/www.kopfundkoerper.at\/wp-content\/uploads\/2021\/09\/Shiatsu-1024x324.jpg","type":"","width":"","height":""}],"twitter_card":"summary_large_image","twitter_misc":{"Gesch\u00e4tzte Lesezeit":"2\u00a0Minuten"},"schema":{"@context":"https:\/\/schema.org","@graph":[{"@type":"WebPage","@id":"https:\/\/www.kopfundkoerper.at\/index.php\/shiatsu-bei-isabella\/","url":"https:\/\/www.kopfundkoerper.at\/index.php\/shiatsu-bei-isabella\/","name":"Shiatsu - Kopf und K&ouml;rper","isPartOf":{"@id":"https:\/\/www.kopfundkoerper.at\/#website"},"primaryImageOfPage":{"@id":"https:\/\/www.kopfundkoerper.at\/index.php\/shiatsu-bei-isabella\/#primaryimage"},"image":{"@id":"https:\/\/www.kopfundkoerper.at\/index.php\/shiatsu-bei-isabella\/#primaryimage"},"thumbnailUrl":"https:\/\/www.kopfundkoerper.at\/wp-content\/uploads\/2021\/09\/Shiatsu-1024x324.jpg","datePublished":"2021-09-22T17:46:10+00:00","dateModified":"2024-07-18T10:47:28+00:00","description":"Shiatsu bei Isabella Trimmel. In 7412 Wolfau oder in 1030 Wien.","breadcrumb":{"@id":"https:\/\/www.kopfundkoerper.at\/index.php\/shiatsu-bei-isabella\/#breadcrumb"},"inLanguage":"de","potentialAction":[{"@type":"ReadAction","target":["https:\/\/www.kopfundkoerper.at\/index.php\/shiatsu-bei-isabella\/"]}]},{"@type":"ImageObject","inLanguage":"de","@id":"https:\/\/www.kopfundkoerper.at\/index.php\/shiatsu-bei-isabella\/#primaryimage","url":"https:\/\/www.kopfundkoerper.at\/wp-content\/uploads\/2021\/09\/Shiatsu.jpg","contentUrl":"https:\/\/www.kopfundkoerper.at\/wp-content\/uploads\/2021\/09\/Shiatsu.jpg","width":2456,"height":776},{"@type":"BreadcrumbList","@id":"https:\/\/www.kopfundkoerper.at\/index.php\/shiatsu-bei-isabella\/#breadcrumb","itemListElement":[{"@type":"ListItem","position":1,"name":"Startseite","item":"https:\/\/www.kopfundkoerper.at\/"},{"@type":"ListItem","position":2,"name":"Shiatsu"}]},{"@type":"WebSite","@id":"https:\/\/www.kopfundkoerper.at\/#website","url":"https:\/\/www.kopfundkoerper.at\/","name":"Kopf und K&ouml;rper","description":"Shiatsu, Yoga, Lomi Lomi Nui und mehr....","publisher":{"@id":"https:\/\/www.kopfundkoerper.at\/#organization"},"potentialAction":[{"@type":"SearchAction","target":{"@type":"EntryPoint","urlTemplate":"https:\/\/www.kopfundkoerper.at\/?s={search_term_string}"},"query-input":{"@type":"PropertyValueSpecification","valueRequired":true,"valueName":"search_term_string"}}],"inLanguage":"de"},{"@type":"Organization","@id":"https:\/\/www.kopfundkoerper.at\/#organization","name":"Kopf und K&ouml;rper","url":"https:\/\/www.kopfundkoerper.at\/","logo":{"@type":"ImageObject","inLanguage":"de","@id":"https:\/\/www.kopfundkoerper.at\/#\/schema\/logo\/image\/","url":"https:\/\/www.kopfundkoerper.at\/wp-content\/uploads\/2023\/07\/cropped-cropped-Logo-512_ziegler-1.png","contentUrl":"https:\/\/www.kopfundkoerper.at\/wp-content\/uploads\/2023\/07\/cropped-cropped-Logo-512_ziegler-1.png","width":501,"height":274,"caption":"Kopf und K&ouml;rper"},"image":{"@id":"https:\/\/www.kopfundkoerper.at\/#\/schema\/logo\/image\/"}}]}},"_links":{"self":[{"href":"https:\/\/www.kopfundkoerper.at\/index.php\/wp-json\/wp\/v2\/pages\/118","targetHints":{"allow":["GET"]}}],"collection":[{"href":"https:\/\/www.kopfundkoerper.at\/index.php\/wp-json\/wp\/v2\/pages"}],"about":[{"href":"https:\/\/www.kopfundkoerper.at\/index.php\/wp-json\/wp\/v2\/types\/page"}],"author":[{"embeddable":true,"href":"https:\/\/www.kopfundkoerper.at\/index.php\/wp-json\/wp\/v2\/users\/1"}],"replies":[{"embeddable":true,"href":"https:\/\/www.kopfundkoerper.at\/index.php\/wp-json\/wp\/v2\/comments?post=118"}],"version-history":[{"count":5,"href":"https:\/\/www.kopfundkoerper.at\/index.php\/wp-json\/wp\/v2\/pages\/118\/revisions"}],"predecessor-version":[{"id":1694,"href":"https:\/\/www.kopfundkoerper.at\/index.php\/wp-json\/wp\/v2\/pages\/118\/revisions\/1694"}],"wp:attachment":[{"href":"https:\/\/www.kopfundkoerper.at\/index.php\/wp-json\/wp\/v2\/media?parent=118"}],"curies":[{"name":"wp","href":"https:\/\/api.w.org\/{rel}","templated":true}]}}